
{"id":520,"date":"2020-07-08T14:29:15","date_gmt":"2020-07-08T14:29:15","guid":{"rendered":"https:\/\/nuevo.yutes.com\/?page_id=520"},"modified":"2020-12-26T14:45:20","modified_gmt":"2020-12-26T13:45:20","slug":"noticies","status":"publish","type":"page","link":"https:\/\/www.yutes.com\/ca\/noticies\/","title":{"rendered":"Not\u00edcies"},"content":{"rendered":"","protected":false},"excerpt":{"rendered":"<p> [&#8230;]<\/p>\n<p><a class=\"btn btn-secondary understrap-read-more-link\" href=\"https:\/\/www.yutes.com\/ca\/noticies\/\">Continua llegint&#8230;<span class=\"screen-reader-text\"> from Not\u00edcies<\/span><\/a><\/p>\n","protected":false},"author":6,"featured_media":0,"parent":0,"menu_order":3,"comment_status":"closed","ping_status":"closed","template":"page-templates\/news.php","meta":{"_acf_changed":false,"footnotes":""},"class_list":["post-520","page","type-page","status-publish","hentry"],"acf":[],"yoast_head":"<!-- This site is optimized with the Yoast SEO plugin v26.1.1 - https:\/\/yoast.com\/wordpress\/plugins\/seo\/ -->\n<title>Not\u00edcies - Yutes - Novetats, esdeveniments i fires en qu\u00e8 Yutes participa.<\/title>\n<meta name=\"description\" content=\"Yutes \u00e9s una companyia activa i present en nombrosos esdeveniments del mercat t\u00e8xtil arreu del m\u00f3n. Informa&#039;t de tots ells en aquesta p\u00e0gina.\" \/>\n<meta name=\"robots\" content=\"index, follow, max-snippet:-1, max-image-preview:large, max-video-preview:-1\" \/>\n<link rel=\"canonical\" href=\"https:\/\/www.yutes.com\/ca\/noticies\/\" \/>\n<meta property=\"og:locale\" content=\"ca_ES\" \/>\n<meta property=\"og:type\" content=\"article\" \/>\n<meta property=\"og:title\" content=\"Not\u00edcies - Yutes - Novetats, esdeveniments i fires en qu\u00e8 Yutes participa.\" \/>\n<meta property=\"og:description\" content=\"Yutes \u00e9s una companyia activa i present en nombrosos esdeveniments del mercat t\u00e8xtil arreu del m\u00f3n. Informa&#039;t de tots ells en aquesta p\u00e0gina.\" \/>\n<meta property=\"og:url\" content=\"https:\/\/www.yutes.com\/ca\/noticies\/\" \/>\n<meta property=\"og:site_name\" content=\"Yutes\" \/>\n<meta property=\"article:modified_time\" content=\"2020-12-26T13:45:20+00:00\" \/>\n<meta name=\"twitter:card\" content=\"summary_large_image\" \/>\n<script type=\"application\/ld+json\" class=\"yoast-schema-graph\">{\"@context\":\"https:\/\/schema.org\",\"@graph\":[{\"@type\":\"WebPage\",\"@id\":\"https:\/\/www.yutes.com\/ca\/noticies\/\",\"url\":\"https:\/\/www.yutes.com\/ca\/noticies\/\",\"name\":\"Not\u00edcies - Yutes - Novetats, esdeveniments i fires en qu\u00e8 Yutes participa.\",\"isPartOf\":{\"@id\":\"https:\/\/www.yutes.com\/ca\/#website\"},\"datePublished\":\"2020-07-08T14:29:15+00:00\",\"dateModified\":\"2020-12-26T13:45:20+00:00\",\"description\":\"Yutes \u00e9s una companyia activa i present en nombrosos esdeveniments del mercat t\u00e8xtil arreu del m\u00f3n. Informa't de tots ells en aquesta p\u00e0gina.\",\"breadcrumb\":{\"@id\":\"https:\/\/www.yutes.com\/ca\/noticies\/#breadcrumb\"},\"inLanguage\":\"ca\",\"potentialAction\":[{\"@type\":\"ReadAction\",\"target\":[\"https:\/\/www.yutes.com\/ca\/noticies\/\"]}]},{\"@type\":\"BreadcrumbList\",\"@id\":\"https:\/\/www.yutes.com\/ca\/noticies\/#breadcrumb\",\"itemListElement\":[{\"@type\":\"ListItem\",\"position\":1,\"name\":\"Yutes\",\"item\":\"https:\/\/www.yutes.com\/ca\/\"},{\"@type\":\"ListItem\",\"position\":2,\"name\":\"Not\u00edcies\"}]},{\"@type\":\"WebSite\",\"@id\":\"https:\/\/www.yutes.com\/ca\/#website\",\"url\":\"https:\/\/www.yutes.com\/ca\/\",\"name\":\"Yutes\",\"description\":\"Yutes Natural Fabrics\",\"publisher\":{\"@id\":\"https:\/\/www.yutes.com\/ca\/#organization\"},\"potentialAction\":[{\"@type\":\"SearchAction\",\"target\":{\"@type\":\"EntryPoint\",\"urlTemplate\":\"https:\/\/www.yutes.com\/ca\/?s={search_term_string}\"},\"query-input\":{\"@type\":\"PropertyValueSpecification\",\"valueRequired\":true,\"valueName\":\"search_term_string\"}}],\"inLanguage\":\"ca\"},{\"@type\":\"Organization\",\"@id\":\"https:\/\/www.yutes.com\/ca\/#organization\",\"name\":\"Yutes Natural Fabrics\",\"url\":\"https:\/\/www.yutes.com\/ca\/\",\"logo\":{\"@type\":\"ImageObject\",\"inLanguage\":\"ca\",\"@id\":\"https:\/\/www.yutes.com\/ca\/#\/schema\/logo\/image\/\",\"url\":\"https:\/\/www.yutes.com\/wp-content\/uploads\/2020\/12\/AF-Favicon-Yutes-2020.png\",\"contentUrl\":\"https:\/\/www.yutes.com\/wp-content\/uploads\/2020\/12\/AF-Favicon-Yutes-2020.png\",\"width\":2000,\"height\":2000,\"caption\":\"Yutes Natural Fabrics\"},\"image\":{\"@id\":\"https:\/\/www.yutes.com\/ca\/#\/schema\/logo\/image\/\"}}]}<\/script>\n<!-- \/ Yoast SEO plugin. -->","yoast_head_json":{"title":"Not\u00edcies - Yutes - Novetats, esdeveniments i fires en qu\u00e8 Yutes participa.","description":"Yutes \u00e9s una companyia activa i present en nombrosos esdeveniments del mercat t\u00e8xtil arreu del m\u00f3n. Informa't de tots ells en aquesta p\u00e0gina.","robots":{"index":"index","follow":"follow","max-snippet":"max-snippet:-1","max-image-preview":"max-image-preview:large","max-video-preview":"max-video-preview:-1"},"canonical":"https:\/\/www.yutes.com\/ca\/noticies\/","og_locale":"ca_ES","og_type":"article","og_title":"Not\u00edcies - Yutes - Novetats, esdeveniments i fires en qu\u00e8 Yutes participa.","og_description":"Yutes \u00e9s una companyia activa i present en nombrosos esdeveniments del mercat t\u00e8xtil arreu del m\u00f3n. Informa't de tots ells en aquesta p\u00e0gina.","og_url":"https:\/\/www.yutes.com\/ca\/noticies\/","og_site_name":"Yutes","article_modified_time":"2020-12-26T13:45:20+00:00","twitter_card":"summary_large_image","schema":{"@context":"https:\/\/schema.org","@graph":[{"@type":"WebPage","@id":"https:\/\/www.yutes.com\/ca\/noticies\/","url":"https:\/\/www.yutes.com\/ca\/noticies\/","name":"Not\u00edcies - Yutes - Novetats, esdeveniments i fires en qu\u00e8 Yutes participa.","isPartOf":{"@id":"https:\/\/www.yutes.com\/ca\/#website"},"datePublished":"2020-07-08T14:29:15+00:00","dateModified":"2020-12-26T13:45:20+00:00","description":"Yutes \u00e9s una companyia activa i present en nombrosos esdeveniments del mercat t\u00e8xtil arreu del m\u00f3n. Informa't de tots ells en aquesta p\u00e0gina.","breadcrumb":{"@id":"https:\/\/www.yutes.com\/ca\/noticies\/#breadcrumb"},"inLanguage":"ca","potentialAction":[{"@type":"ReadAction","target":["https:\/\/www.yutes.com\/ca\/noticies\/"]}]},{"@type":"BreadcrumbList","@id":"https:\/\/www.yutes.com\/ca\/noticies\/#breadcrumb","itemListElement":[{"@type":"ListItem","position":1,"name":"Yutes","item":"https:\/\/www.yutes.com\/ca\/"},{"@type":"ListItem","position":2,"name":"Not\u00edcies"}]},{"@type":"WebSite","@id":"https:\/\/www.yutes.com\/ca\/#website","url":"https:\/\/www.yutes.com\/ca\/","name":"Yutes","description":"Yutes Natural Fabrics","publisher":{"@id":"https:\/\/www.yutes.com\/ca\/#organization"},"potentialAction":[{"@type":"SearchAction","target":{"@type":"EntryPoint","urlTemplate":"https:\/\/www.yutes.com\/ca\/?s={search_term_string}"},"query-input":{"@type":"PropertyValueSpecification","valueRequired":true,"valueName":"search_term_string"}}],"inLanguage":"ca"},{"@type":"Organization","@id":"https:\/\/www.yutes.com\/ca\/#organization","name":"Yutes Natural Fabrics","url":"https:\/\/www.yutes.com\/ca\/","logo":{"@type":"ImageObject","inLanguage":"ca","@id":"https:\/\/www.yutes.com\/ca\/#\/schema\/logo\/image\/","url":"https:\/\/www.yutes.com\/wp-content\/uploads\/2020\/12\/AF-Favicon-Yutes-2020.png","contentUrl":"https:\/\/www.yutes.com\/wp-content\/uploads\/2020\/12\/AF-Favicon-Yutes-2020.png","width":2000,"height":2000,"caption":"Yutes Natural Fabrics"},"image":{"@id":"https:\/\/www.yutes.com\/ca\/#\/schema\/logo\/image\/"}}]}},"_links":{"self":[{"href":"https:\/\/www.yutes.com\/ca\/wp-json\/wp\/v2\/pages\/520","targetHints":{"allow":["GET"]}}],"collection":[{"href":"https:\/\/www.yutes.com\/ca\/wp-json\/wp\/v2\/pages"}],"about":[{"href":"https:\/\/www.yutes.com\/ca\/wp-json\/wp\/v2\/types\/page"}],"author":[{"embeddable":true,"href":"https:\/\/www.yutes.com\/ca\/wp-json\/wp\/v2\/users\/6"}],"replies":[{"embeddable":true,"href":"https:\/\/www.yutes.com\/ca\/wp-json\/wp\/v2\/comments?post=520"}],"version-history":[{"count":0,"href":"https:\/\/www.yutes.com\/ca\/wp-json\/wp\/v2\/pages\/520\/revisions"}],"wp:attachment":[{"href":"https:\/\/www.yutes.com\/ca\/wp-json\/wp\/v2\/media?parent=520"}],"curies":[{"name":"wp","href":"https:\/\/api.w.org\/{rel}","templated":true}]}}