
{"id":14638,"date":"2020-12-20T20:41:15","date_gmt":"2020-12-20T19:41:15","guid":{"rendered":"https:\/\/nuevo.yutes.com\/politica-de-privacitat\/"},"modified":"2020-12-28T00:17:52","modified_gmt":"2020-12-27T23:17:52","slug":"politica-de-privacitat","status":"publish","type":"page","link":"https:\/\/www.yutes.com\/ca\/politica-de-privacitat\/","title":{"rendered":"Pol\u00edtica de privacitat"},"content":{"rendered":"<p>D&#8217;acord amb el que disposa la Llei Org\u00e0nica 3\/2018, de 5 de desembre, de Protecci\u00f3 de Dades Personals i garantia dels drets digitals i de el Reglament General de Protecci\u00f3 de Dades, (RGPD (UE) 2016\/679) aplicable a partir del 25 de maig de 2018, <strong>NATURAL FABRICS SL<\/strong> informa com a Responsable del Tractament de les dades de car\u00e0cter personal que vost\u00e8 pugui facilitar de forma volunt\u00e0ria a trav\u00e9s d&#8217;aquesta web, que aquestes seran tractades respectant en tot moment la legalitat vigent.<\/p>\n<h4>IDENTIFICACI\u00d3<\/h4>\n<p><strong>Titular<\/strong>: NATURAL FABRICS S.L.<br \/>\n<strong>NIF<\/strong>: B61123238<br \/>\n<strong>Domicili social: <\/strong>Carrer Treball, 3, 08960 Sant Just Desvern (Barcelona)<br \/>\n<strong>Correu electr\u00f2nic:<\/strong> yutes@yutes.com<\/p>\n<p>&nbsp;<\/p>\n<h4>INFORMACI\u00d3 I CONSENTIMENT<\/h4>\n<p>Mitjan\u00e7ant la lectura de la present Pol\u00edtica de Privacitat, l&#8217;Usuari queda informat sobre la forma en qu\u00e8 <strong>NATURAL FABRICS S.L.<\/strong> recull, tracta i protegeix les dades de car\u00e0cter personal que li s\u00f3n facilitades a trav\u00e9s de la p\u00e0gina web http:\/\/yutes.com (en endavant, el &#8220;lloc web&#8221;), aix\u00ed com els propis de la seva connexi\u00f3 i navegaci\u00f3 a trav\u00e9s del Lloc Web (en endavant, la &#8220;navegaci\u00f3&#8221;) i aquelles altres dades que pugui facilitar en un futur a <strong>NATURAL FABRICS SL<\/strong> a trav\u00e9s de qualsevol contracte de prestaci\u00f3 de serveis que celebri amb aquesta empresa.<\/p>\n<p>L&#8217;Usuari ha de llegir amb atenci\u00f3 aquesta pol\u00edtica de privacitat, que ha estat redactada de forma clara i senzilla, per facilitar la seva comprensi\u00f3, i determinar lliure i volunt\u00e0riament si desitja facilitar les seves dades personals, o les de tercers, a <strong>NATURAL FABRICS S.L.<\/strong><\/p>\n<h4>OBLIGATORIETAT DE FACILITAR LES DADES.<\/h4>\n<p>Les dades sol\u00b7licitades en els formularis accessibles des del lloc web de<strong> NATURAL FABRICS S.L.<\/strong> s\u00f3n, amb car\u00e0cter general, obligat\u00f2ries (tret que en el camp requerit s&#8217;especifiqui el contrari) per complir amb les finalitats establertes. Per tant, si no es faciliten les mateixes, o no es faciliten correctament, no es podran atendre les sol\u00b7licituds realitzades a trav\u00e9s d&#8217;aquests formularis.<\/p>\n<p>&nbsp;<\/p>\n<h4>AMB QUINA FINALITAT TRACTAR\u00c0 NATURAL FABRICS S.L. LES DADES PERSONALS DE L&#8217;USUARI I DURANT QUANT TEMPS?<\/h4>\n<p>En funci\u00f3 de les sol\u00b7licituds de l&#8217;Usuari, les dades personals recollides seran tractades per <strong>NATURAL FABRICS S.L.<\/strong> d&#8217;acord amb les seg\u00fcents finalitats:<\/p>\n<ul>\n<li>Gestionar les sol\u00b7licituds de serveis dirigides per l&#8217;Usuari.<\/li>\n<li>Gestionar la subscripci\u00f3 a la newsletter i posterior remissi\u00f3 de la mateixa.<\/li>\n<li>Gestionar l&#8217;enviament de comunicacions comercials personalitzades de <strong>NATURAL FABRICS S.L.<\/strong>, per mitjans electr\u00f2nics i \/ o convencionals, en els casos en qu\u00e8 l&#8217;Usuari aix\u00ed ho consenti expressament.<\/li>\n<li>Gestionar l&#8217;enviament de comunicacions comercials personalitzades, per mitjans electr\u00f2nics i \/ o convencionals, llevat que l&#8217;Usuari indiqui el contrari marcant la casella corresponent, o mostri la seva oposici\u00f3 a aquest tractament.<\/li>\n<li>Gestionar la prestaci\u00f3 dels serveis contractats, aix\u00ed com de qualsevol servei addicional a aquest.<\/li>\n<li>Gestionar la realitzaci\u00f3 d&#8217;enquestes i \/ o avaluacions relatives a la qualitat dels serveis prestats per <strong>NATURAL FABRICS S.L.<\/strong> i \/ o a la percepci\u00f3 de la seva imatge com a companyia.<\/li>\n<\/ul>\n<p>Les dades de l&#8217;Usuari seran conservades durant el termini necessari per al compliment de cada finalitat o fins que l&#8217;Usuari sol\u00b7liciti la seva baixa a <strong>NATURAL FABRICS S.L.<\/strong>, s&#8217;oposi o revoqui el seu consentiment.<\/p>\n<h4><strong>QUINES DADES DE L&#8217;USUARI TRACTAR\u00c0 NATURAL FABRICS S.L.?<\/strong><\/h4>\n<p><strong>NATURAL FABRICS S.L.<\/strong> podr\u00e0 tractar les seg\u00fcents categories de dades, en funci\u00f3 de la sol\u00b7licitud realitzada per l&#8217;Usuari:<\/p>\n<ul>\n<li>Dades identificatives: nom, cognoms<\/li>\n<li>Dades de contacte: Adre\u00e7a postal, tel\u00e8fon m\u00f2bil, adre\u00e7a de correu electr\u00f2nic.<\/li>\n<li>Codis o claus d&#8217;identificaci\u00f3 de l&#8217;Usuari.<\/li>\n<li>Dades de caracter\u00edstiques personals: data de naixement, sexe, nacionalitat.<\/li>\n<li>Dades de prefer\u00e8ncies.<\/li>\n<li>Dades de geolocalitzaci\u00f3.<\/li>\n<\/ul>\n<p>En cas de que l&#8217;Usuari faciliti dades de tercers, manifesta comptar amb el consentiment dels mateixos i es compromet a traslladar a l&#8217;interessat, titular d&#8217;aquestes dades, la informaci\u00f3 continguda en la present Pol\u00edtica de Privacitat, eximint a<strong> NATURAL FABRICS S.L.<\/strong> de tota responsabilitat en aquest sentit. No obstant aix\u00f2, <strong>NATURAL FABRICS S.L.<\/strong> podr\u00e0 dur a terme les verificacions necess\u00e0ries per constatar aquest fet, i adoptar les mesures de dilig\u00e8ncia deguda que corresponguin, d&#8217;acord amb la normativa de protecci\u00f3 de dades.<\/p>\n<h4><strong>Quina \u00e9s la LEGITIMACI\u00d3 DEL TRACTAMENT DE LES TEVES DADES?<\/strong><\/h4>\n<p>Els tractaments de dades necess\u00e0ries per al compliment de les referides finalitats que precisin del consentiment de l&#8217;Usuari per a la seva realitzaci\u00f3, no es duran a terme sense comptar amb aquest.<\/p>\n<p>Aix\u00ed mateix, en cas de que l&#8217;Usuari retir\u00e9s el seu consentiment a qualsevol dels tractaments, aix\u00f2 no afectar\u00e0 la licitud dels tractaments efectuats amb anterioritat.<\/p>\n<p>Per revocar aquest consentiment, l&#8217;Usuari podr\u00e0 contactar amb <strong>NATURAL FABRICS S.L.<\/strong> a trav\u00e9s dels canals seg\u00fcents: Per mitj\u00e0 d&#8217;un escrit dirigit a l&#8217;adre\u00e7a postal que apareix en l&#8217;encap\u00e7alament de la present pol\u00edtica, o b\u00e9 per mitj\u00e0 d&#8217;un correu electr\u00f2nic a l&#8217;adre\u00e7a yutes@yutes.com, en ambd\u00f3s casos amb l&#8217;\u00e0ncora &#8220;Protecci\u00f3 de Dades&#8221;.<\/p>\n<p>Aix\u00ed mateix, en els casos en qu\u00e8 sigui necessari tractar les dades de l&#8217;Usuari per al compliment d&#8217;una obligaci\u00f3 legal o per a l&#8217;execuci\u00f3 de la relaci\u00f3 contractual existent entre <strong>NATURAL FABRICS S.L<\/strong>. i l&#8217;Usuari, el tractament es trobaria legitimat per ser necessari per al compliment d&#8217;aquestes finalitats. Per la seva banda, el tractament dut a terme per a la realitzaci\u00f3 d&#8217;enquestes i \/ o avaluacions relatives a la qualitat dels serveis prestats per <strong>NATURAL FABRICS S.L.<\/strong> i \/ o a la percepci\u00f3 de la seva imatge com a companyia es realitzar\u00e0 basant-se l&#8217;inter\u00e8s leg\u00edtim del responsable.<\/p>\n<p><strong>A QUINS DESTINATARIS ES COMUNICARAN LES DADES DE L&#8217;USUARI?<\/strong><\/p>\n<p>Les dades de l&#8217;Usuari podran ser comunicades a:<\/p>\n<ul>\n<li>Empreses participades o del grup empresarial <strong>NATURAL FABRICS S.L.,<\/strong> \u00fanicament per a fins administratius interns i \/ o per a les finalitats anteriorment indicades.<\/li>\n<li>Prove\u00efdors de <strong>NATURAL FABRICS S.L.<\/strong> que prestin a aquest serveis necessaris per a l&#8217;adequat compliment de les obligacions legals i \/ o de les finalitats anteriorment indicades, aix\u00ed com al seu prove\u00efdor de serveis web Teradisk.<\/li>\n<li>Administracions P\u00fabliques, en els casos previstos per la Llei.<\/li>\n<\/ul>\n<p>Els destinataris indicats en el present apartat poden trobar ubicats dins o fora de l&#8217;Espai Econ\u00f2mic Europeu, trobant-se en aquest \u00faltim cas degudament legitimades les transfer\u00e8ncies internacionals de dades.<\/p>\n<h4><strong>RESPONSABILITAT L&#8217;USUARI<\/strong><\/h4>\n<p>L&#8217;Usuari:<\/p>\n<ul>\n<li>Garanteix que \u00e9s major d&#8217;edat o emancipat legalment si \u00e9s el cas, plenament capa\u00e7, i que les dades que facilita <strong>NATURAL FABRICS S.L.<\/strong> s\u00f3n veritables, exactes, completes i actualitzades. A aquests efectes, l&#8217;Usuari respon de la veracitat de totes les dades que comuniqui i mantindr\u00e0 convenientment actualitzada la informaci\u00f3 facilitada, de manera que respongui a la seva situaci\u00f3 real.<\/li>\n<li>Garanteix que ha informat els tercers dels que faciliti les seves dades, en cas de fer-ho, dels aspectes continguts en aquest document. Aix\u00ed mateix, garanteix que ha obtingut la seva autoritzaci\u00f3 per facilitar les seves dades a <strong>NATURAL FABRICS S.L.<\/strong> per als fins assenyalats.<\/li>\n<li>\u00c9s responsable de les informacions falses o inexactes que proporcioni a trav\u00e9s del Lloc Web i dels danys i perjudicis, directes o indirectes, que aix\u00f2 causi a <strong>NATURAL FABRICS S.L.<\/strong> o a tercers.<\/li>\n<\/ul>\n<p>&nbsp;<\/p>\n<h4>COMUNICACIONS COMERCIALS I PROMOCIONALS<\/h4>\n<p>Una de les finalitats per a les quals <strong>NATURAL FABRICS S.L.<\/strong> tracta les dades de l&#8217;Usuari ser\u00e0 per a l&#8217;enviament de comunicacions comercials, per mitjans electr\u00f2nics i \/ o convencionals, amb informaci\u00f3 relativa als productes i serveis que comercialitza, a promocions i ofertes, o amb not\u00edcies rellevants per a l&#8217;Usuari. Sempre que es realitzi alguna comunicaci\u00f3 d&#8217;aquest tipus, aquesta ser\u00e0 dirigida \u00fanica i exclusivament a aquells Usuaris que haguessin autoritzat expressament la seva recepci\u00f3.<\/p>\n<p>Per dur a terme la tasca anterior, <strong>NATURAL FABRICS S.L.<\/strong> podr\u00e0 analitzar les dades obtingudes, a fi d&#8217;elaborar perfils d&#8217;Usuari que permetin definir amb major detall els productes que puguin resultar del seu inter\u00e8s.<\/p>\n<p>En cas que l&#8217;Usuari desitgi deixar de rebre comunicacions comercials o promocionals per part de<strong> NATURAL FABRICS S.L.<\/strong> pot sol\u00b7licitar la baixa del servei enviant un correu electr\u00f2nic a la seg\u00fcent adre\u00e7a de correu electr\u00f2nic: yutes@yutes.com, aix\u00ed com indicant la seva negativa a la recepci\u00f3 de les mateixes mitjan\u00e7ant l&#8217;opci\u00f3 de baixa proporcionada en cadascuna de les comunicacions comercials remeses.<\/p>\n<h4>DADES DE GEOLOCALITZACI\u00d3<\/h4>\n<p>Algunes de les funcionalitats del Lloc Web de <strong>NATURAL FABRICS S.L.<\/strong> permeten la geolocalitzaci\u00f3 del dispositiu (Tablet, Smartphone, etc.) des del qual s&#8217;accedeix a la mateixa.<\/p>\n<p>L&#8217;Usuari podr\u00e0 desactivar aquesta opci\u00f3 directament en el propi dispositiu, per\u00f2, la desactivaci\u00f3 d&#8217;aquesta opci\u00f3 podr\u00e0 impedir l&#8217;\u00fas d&#8217;algunes de les funcionalitats del Lloc Web.<\/p>\n<h4>EXERCICI DE DRETS<\/h4>\n<p>L&#8217;Usuari pot enviar un escrit a <strong>NATURAL FABRICS SL,<\/strong> C \/ Treball, 2 08960 Sant Just Desvern (Barcelona) o b\u00e9 per mitj\u00e0 d&#8217;un correu electr\u00f2nic a l&#8217;adre\u00e7a yutes@yutes.com, en ambd\u00f3s casos, amb l&#8217;\u00e0ncora &#8220;Protecci\u00f3 de Dades&#8221;, adjuntant fotoc\u00f2pia del seu document d&#8217;identitat o passaport en vigor, en qualsevol moment i de manera gratu\u00efta, per:<\/p>\n<ul>\n<li>Revocar els consentiments atorgats.<\/li>\n<li>Obtenir confirmaci\u00f3 sobre si a <strong>NATURAL FABRICS S.L.<\/strong> s&#8217;estan tractant dades personals que concerneixen a l&#8217;Usuari o no.<\/li>\n<li>Accedir a les seves dades personals.<\/li>\n<li>Rectificar les dades inexactes o incompletes.<\/li>\n<li>Sol\u00b7licitar la supressi\u00f3 de les seves dades quan, entre altres motius, les dades ja no siguin necessaris per als fins que van ser recollides.<\/li>\n<li>Obtenir de NATURAL FABRICS S.L. la limitaci\u00f3 del tractament de les dades quan es compleixi alguna de les condicions previstes en la normativa de protecci\u00f3 de dades.<\/li>\n<li>Obtenir intervenci\u00f3 humana, a expressar el seu punt de vista i a impugnar les decisions automatitzades a adoptades per part de <strong>NATURAL FABRICS S.L.<\/strong><\/li>\n<li>Sol\u00b7licitar la portabilitat de les teves dades.<\/li>\n<\/ul>\n<p>Aix\u00ed mateix, s&#8217;informa a l&#8217;Usuari que en qualsevol moment podr\u00e0 interposar una reclamaci\u00f3 relativa a la protecci\u00f3 de les seves dades personals davant l&#8217;Autoritat de control competent.<\/p>\n<h4>MESURES DE SEGURETAT<\/h4>\n<p><strong>NATURAL FABRICS S.L.<\/strong> tractar\u00e0 les dades de l&#8217;Usuari en tot moment de forma absolutament confidencial i guardant el preceptiu deure de secret respecte dels mateixos, de conformitat amb el que preveu la normativa d&#8217;aplicaci\u00f3, adoptant a l&#8217;efecte les mesures d&#8217;\u00edndole t\u00e8cnica i organitzatives necess\u00e0ries que garanteixin la seguretat de les seves dades i evitin la seva alteraci\u00f3, p\u00e8rdua, tractament o acc\u00e9s no autoritzat, tenint en compte l&#8217;estat de la tecnologia, la naturalesa de les dades emmagatzemades i els riscos a qu\u00e8 estan exposats.<\/p>\n","protected":false},"excerpt":{"rendered":"<p>D&#8217;acord amb el que disposa la Llei Org\u00e0nica 3\/2018, de 5 de desembre, de Protecci\u00f3 de Dades Personals i garantia dels drets digitals i de el Reglament General de Protecci\u00f3 de Dades, (RGPD (UE) 2016\/679) aplicable a partir del 25 de maig de 2018, NATURAL FABRICS SL informa com a Responsable del Tractament de les [&#8230;]<\/p>\n<p><a class=\"btn btn-secondary understrap-read-more-link\" href=\"https:\/\/www.yutes.com\/ca\/politica-de-privacitat\/\">Continua llegint&#8230;<span class=\"screen-reader-text\"> from Pol\u00edtica de privacitat<\/span><\/a><\/p>\n","protected":false},"author":6,"featured_media":0,"parent":0,"menu_order":20,"comment_status":"closed","ping_status":"closed","template":"","meta":{"_acf_changed":false,"footnotes":""},"class_list":["post-14638","page","type-page","status-publish","hentry"],"acf":[],"yoast_head":"<!-- This site is optimized with the Yoast SEO plugin v26.1.1 - https:\/\/yoast.com\/wordpress\/plugins\/seo\/ -->\n<title>Pol\u00edtica de privacitat - Yutes<\/title>\n<meta name=\"robots\" content=\"index, follow, max-snippet:-1, max-image-preview:large, max-video-preview:-1\" \/>\n<link rel=\"canonical\" href=\"https:\/\/www.yutes.com\/ca\/politica-de-privacitat\/\" \/>\n<meta property=\"og:locale\" content=\"ca_ES\" \/>\n<meta property=\"og:type\" content=\"article\" \/>\n<meta property=\"og:title\" content=\"Pol\u00edtica de privacitat - Yutes\" \/>\n<meta property=\"og:description\" content=\"D&#8217;acord amb el que disposa la Llei Org\u00e0nica 3\/2018, de 5 de desembre, de Protecci\u00f3 de Dades Personals i garantia dels drets digitals i de el Reglament General de Protecci\u00f3 de Dades, (RGPD (UE) 2016\/679) aplicable a partir del 25 de maig de 2018, NATURAL FABRICS SL informa com a Responsable del Tractament de les [...]Continua llegint... from Pol\u00edtica de privacitat\" \/>\n<meta property=\"og:url\" content=\"https:\/\/www.yutes.com\/ca\/politica-de-privacitat\/\" \/>\n<meta property=\"og:site_name\" content=\"Yutes\" \/>\n<meta property=\"article:modified_time\" content=\"2020-12-27T23:17:52+00:00\" \/>\n<meta name=\"twitter:card\" content=\"summary_large_image\" \/>\n<meta name=\"twitter:label1\" content=\"Temps estimat de lectura\" \/>\n\t<meta name=\"twitter:data1\" content=\"9 minuts\" \/>\n<script type=\"application\/ld+json\" class=\"yoast-schema-graph\">{\"@context\":\"https:\/\/schema.org\",\"@graph\":[{\"@type\":\"WebPage\",\"@id\":\"https:\/\/www.yutes.com\/ca\/politica-de-privacitat\/\",\"url\":\"https:\/\/www.yutes.com\/ca\/politica-de-privacitat\/\",\"name\":\"Pol\u00edtica de privacitat - Yutes\",\"isPartOf\":{\"@id\":\"https:\/\/www.yutes.com\/ca\/#website\"},\"datePublished\":\"2020-12-20T19:41:15+00:00\",\"dateModified\":\"2020-12-27T23:17:52+00:00\",\"breadcrumb\":{\"@id\":\"https:\/\/www.yutes.com\/ca\/politica-de-privacitat\/#breadcrumb\"},\"inLanguage\":\"ca\",\"potentialAction\":[{\"@type\":\"ReadAction\",\"target\":[\"https:\/\/www.yutes.com\/ca\/politica-de-privacitat\/\"]}]},{\"@type\":\"BreadcrumbList\",\"@id\":\"https:\/\/www.yutes.com\/ca\/politica-de-privacitat\/#breadcrumb\",\"itemListElement\":[{\"@type\":\"ListItem\",\"position\":1,\"name\":\"Yutes\",\"item\":\"https:\/\/www.yutes.com\/ca\/\"},{\"@type\":\"ListItem\",\"position\":2,\"name\":\"Pol\u00edtica de privacitat\"}]},{\"@type\":\"WebSite\",\"@id\":\"https:\/\/www.yutes.com\/ca\/#website\",\"url\":\"https:\/\/www.yutes.com\/ca\/\",\"name\":\"Yutes\",\"description\":\"Yutes Natural Fabrics\",\"publisher\":{\"@id\":\"https:\/\/www.yutes.com\/ca\/#organization\"},\"potentialAction\":[{\"@type\":\"SearchAction\",\"target\":{\"@type\":\"EntryPoint\",\"urlTemplate\":\"https:\/\/www.yutes.com\/ca\/?s={search_term_string}\"},\"query-input\":{\"@type\":\"PropertyValueSpecification\",\"valueRequired\":true,\"valueName\":\"search_term_string\"}}],\"inLanguage\":\"ca\"},{\"@type\":\"Organization\",\"@id\":\"https:\/\/www.yutes.com\/ca\/#organization\",\"name\":\"Yutes Natural Fabrics\",\"url\":\"https:\/\/www.yutes.com\/ca\/\",\"logo\":{\"@type\":\"ImageObject\",\"inLanguage\":\"ca\",\"@id\":\"https:\/\/www.yutes.com\/ca\/#\/schema\/logo\/image\/\",\"url\":\"https:\/\/www.yutes.com\/wp-content\/uploads\/2020\/12\/AF-Favicon-Yutes-2020.png\",\"contentUrl\":\"https:\/\/www.yutes.com\/wp-content\/uploads\/2020\/12\/AF-Favicon-Yutes-2020.png\",\"width\":2000,\"height\":2000,\"caption\":\"Yutes Natural Fabrics\"},\"image\":{\"@id\":\"https:\/\/www.yutes.com\/ca\/#\/schema\/logo\/image\/\"}}]}<\/script>\n<!-- \/ Yoast SEO plugin. -->","yoast_head_json":{"title":"Pol\u00edtica de privacitat - Yutes","robots":{"index":"index","follow":"follow","max-snippet":"max-snippet:-1","max-image-preview":"max-image-preview:large","max-video-preview":"max-video-preview:-1"},"canonical":"https:\/\/www.yutes.com\/ca\/politica-de-privacitat\/","og_locale":"ca_ES","og_type":"article","og_title":"Pol\u00edtica de privacitat - Yutes","og_description":"D&#8217;acord amb el que disposa la Llei Org\u00e0nica 3\/2018, de 5 de desembre, de Protecci\u00f3 de Dades Personals i garantia dels drets digitals i de el Reglament General de Protecci\u00f3 de Dades, (RGPD (UE) 2016\/679) aplicable a partir del 25 de maig de 2018, NATURAL FABRICS SL informa com a Responsable del Tractament de les [...]Continua llegint... from Pol\u00edtica de privacitat","og_url":"https:\/\/www.yutes.com\/ca\/politica-de-privacitat\/","og_site_name":"Yutes","article_modified_time":"2020-12-27T23:17:52+00:00","twitter_card":"summary_large_image","twitter_misc":{"Temps estimat de lectura":"9 minuts"},"schema":{"@context":"https:\/\/schema.org","@graph":[{"@type":"WebPage","@id":"https:\/\/www.yutes.com\/ca\/politica-de-privacitat\/","url":"https:\/\/www.yutes.com\/ca\/politica-de-privacitat\/","name":"Pol\u00edtica de privacitat - Yutes","isPartOf":{"@id":"https:\/\/www.yutes.com\/ca\/#website"},"datePublished":"2020-12-20T19:41:15+00:00","dateModified":"2020-12-27T23:17:52+00:00","breadcrumb":{"@id":"https:\/\/www.yutes.com\/ca\/politica-de-privacitat\/#breadcrumb"},"inLanguage":"ca","potentialAction":[{"@type":"ReadAction","target":["https:\/\/www.yutes.com\/ca\/politica-de-privacitat\/"]}]},{"@type":"BreadcrumbList","@id":"https:\/\/www.yutes.com\/ca\/politica-de-privacitat\/#breadcrumb","itemListElement":[{"@type":"ListItem","position":1,"name":"Yutes","item":"https:\/\/www.yutes.com\/ca\/"},{"@type":"ListItem","position":2,"name":"Pol\u00edtica de privacitat"}]},{"@type":"WebSite","@id":"https:\/\/www.yutes.com\/ca\/#website","url":"https:\/\/www.yutes.com\/ca\/","name":"Yutes","description":"Yutes Natural Fabrics","publisher":{"@id":"https:\/\/www.yutes.com\/ca\/#organization"},"potentialAction":[{"@type":"SearchAction","target":{"@type":"EntryPoint","urlTemplate":"https:\/\/www.yutes.com\/ca\/?s={search_term_string}"},"query-input":{"@type":"PropertyValueSpecification","valueRequired":true,"valueName":"search_term_string"}}],"inLanguage":"ca"},{"@type":"Organization","@id":"https:\/\/www.yutes.com\/ca\/#organization","name":"Yutes Natural Fabrics","url":"https:\/\/www.yutes.com\/ca\/","logo":{"@type":"ImageObject","inLanguage":"ca","@id":"https:\/\/www.yutes.com\/ca\/#\/schema\/logo\/image\/","url":"https:\/\/www.yutes.com\/wp-content\/uploads\/2020\/12\/AF-Favicon-Yutes-2020.png","contentUrl":"https:\/\/www.yutes.com\/wp-content\/uploads\/2020\/12\/AF-Favicon-Yutes-2020.png","width":2000,"height":2000,"caption":"Yutes Natural Fabrics"},"image":{"@id":"https:\/\/www.yutes.com\/ca\/#\/schema\/logo\/image\/"}}]}},"_links":{"self":[{"href":"https:\/\/www.yutes.com\/ca\/wp-json\/wp\/v2\/pages\/14638","targetHints":{"allow":["GET"]}}],"collection":[{"href":"https:\/\/www.yutes.com\/ca\/wp-json\/wp\/v2\/pages"}],"about":[{"href":"https:\/\/www.yutes.com\/ca\/wp-json\/wp\/v2\/types\/page"}],"author":[{"embeddable":true,"href":"https:\/\/www.yutes.com\/ca\/wp-json\/wp\/v2\/users\/6"}],"replies":[{"embeddable":true,"href":"https:\/\/www.yutes.com\/ca\/wp-json\/wp\/v2\/comments?post=14638"}],"version-history":[{"count":0,"href":"https:\/\/www.yutes.com\/ca\/wp-json\/wp\/v2\/pages\/14638\/revisions"}],"wp:attachment":[{"href":"https:\/\/www.yutes.com\/ca\/wp-json\/wp\/v2\/media?parent=14638"}],"curies":[{"name":"wp","href":"https:\/\/api.w.org\/{rel}","templated":true}]}}