
{"id":13450,"date":"2020-12-14T20:33:55","date_gmt":"2020-12-14T19:33:55","guid":{"rendered":"https:\/\/nuevo.yutes.com\/avis-legal\/"},"modified":"2022-10-25T09:02:38","modified_gmt":"2022-10-25T08:02:38","slug":"avis-legal","status":"publish","type":"page","link":"https:\/\/www.yutes.com\/ca\/avis-legal\/","title":{"rendered":"Av\u00eds Legal"},"content":{"rendered":"<p>El present lloc web www.yutes, com (en endavant el &#8220;Lloc Web&#8221;) \u00e9s propietat i est\u00e0 gestionat per l&#8217;empresa <strong>NATURAL FABRICS, SL<\/strong> (en endavant &#8220;jutes&#8221;) les dades completes s\u00f3n els seg\u00fcents,<\/p>\n<p><strong>NATURAL FABRICS SL<\/strong><br \/>\n<strong>NIF: B61123238<\/strong><br \/>\n<strong>Direcci\u00f3: Carrer Treball, 3, 08960 Sant Just Desvern (Barcelona)<\/strong><br \/>\n<strong>Tel\u00e8fon .: +34 93 473 26 26<\/strong><br \/>\n<strong>Correu electr\u00f2nic: yutes@yutes.com<\/strong><\/p>\n<p>Empresa inscrita al Registre Mercantil de Barcelona,, foli 217 de el Tom 29.049, full B-61.123.238, inscripci\u00f3 1\u00aa<\/p>\n<p>&nbsp;<\/p>\n<h4>TERMES GENERALS D&#8217;\u00daS<\/h4>\n<p>L&#8217;acc\u00e9s i \/ o \u00fas d&#8217;aquest p\u00e0gina web atribueix la condici\u00f3 d&#8217;Usuari, que accepta els termes i condicions generals d&#8217;\u00fas per poder usar tots els serveis i informaci\u00f3 que es faciliten. Les presents condicions generals d&#8217;\u00fas de l&#8217;portal regulen l&#8217;acc\u00e9s i la utilitzaci\u00f3 de la p\u00e0gina web, incloent-hi els continguts i els serveis posats a disposici\u00f3 dels usuaris. El sol acc\u00e9s a l&#8217;\u00fas de l&#8217;portal, de tots o part dels seus continguts i serveis significa la plena acceptaci\u00f3 de les presents condicions d&#8217;\u00fas.<\/p>\n<p>Per informar de les dades personals que recaptem i la forma en qu\u00e8 ho fem pots accedir a la nostra<a>pol\u00edtica de privacitat.<\/a><\/p>\n<p>Aquest web, per tant, compleix rigorosament amb Llei Org\u00e0nica 3\/2018, de 5 de desembre, de Protecci\u00f3 de Dades Personals i garantia dels drets digitals, amb el RGPD (REGLAMENT (UE) 2016\/679 de protecci\u00f3 de dades) i la LSSI-CE la Llei 34\/2002, de 11 de juliol, de serveis de la societat de la informaci\u00f3 i de comer\u00e7 electr\u00f2nic.<\/p>\n<p>&nbsp;<\/p>\n<h4>RESPONSABILITAT<\/h4>\n<p>Tot acc\u00e9s o \u00fas que pugui fer de la informaci\u00f3 continguda en el mateix, \u00e9s de l&#8217;exclusiva responsabilitat de qui ho realitza. Per tant, l&#8217;usuari accepta, de forma expressa i sense reserves, que l&#8217;acc\u00e9s i la utilitzaci\u00f3 de l&#8217;portal, es fa sota la seva \u00fanica i exclusiva responsabilitat.<\/p>\n<p>L&#8217;empresa es reserva la facultat de modificar en qualsevol moment les condicions generals d&#8217;\u00fas de la p\u00e0gina web. En tot cas, es recomana que consulti peri\u00f2dicament les presents condicions generals d&#8217;\u00fas, ja que poden ser modificades.<\/p>\n<p>No es garanteix la disponibilitat cont\u00ednua i permanent dels serveis, quedant d&#8217;aquesta manera exonerat de qualsevol responsabilitat per possibles danys i perjudicis causats com a conseq\u00fc\u00e8ncia de la manca de disponibilitat de l&#8217;servei per motius de for\u00e7a major o errors en les xarxes telem\u00e0tiques de transfer\u00e8ncia de dades , aliens a la seva voluntat, o per desconnexions realitzades per treballs de millora o manteniment dels equips i sistemes inform\u00e0tics. No ser\u00e0 responsable per la interrupci\u00f3, suspensi\u00f3 o finalitzaci\u00f3 de la informaci\u00f3 o serveis. Aix\u00ed mateix, no es responsabilitza de les possibles omissions, p\u00e8rdues d&#8217;informaci\u00f3, dades, configuracions, accessos indeguts o vulneraci\u00f3 de la confidencialitat que tinguin origen en problemes t\u00e8cnics, de comunicacions o omissions humanes, causades per tercers o no imputables a l&#8217;portal. Tampoc respondr\u00e0 dels danys produ\u00efts per atacs inform\u00e0tics o causats per virus que afectin a programes inform\u00e0tics, sistemes de comunicacions o equips utilitzats per la p\u00e0gina web per\u00f2 fabricats o facilitats per un tercer. El portal podr\u00e0, la seva \u00fanica discreci\u00f3, denegar, retirar, suspendre i \/ o bloquejar en qualsevol moment i sense necessitat de previ av\u00eds l&#8217;acc\u00e9s a la informaci\u00f3 i serveis a aquells usuaris que incompleixin les presents normes.<\/p>\n<p>Exceptuant els casos que la Llei imposi expressament el contrari, i exclusivament amb la mesura i extensi\u00f3 en qu\u00e8 ho imposi, l&#8217;aplicaci\u00f3 no garanteix ni assumeix cap responsabilitat pel que fa als possibles danys i perjudicis causats per l&#8217;\u00fas i utilitzaci\u00f3 de la informaci\u00f3, dades i serveis de la web.<br \/>\nEn tot cas, el portal exclou qualsevol responsabilitat pels danys i perjudicis que puguin deure a la informaci\u00f3 i \/ o serveis prestats o subministrats per tercers diferents de l&#8217;empresa. Tota la responsabilitat ser\u00e0 de l&#8217;tercer ja sigui prove\u00efdor, col\u00b7laborador o un altre.<\/p>\n<p>&nbsp;<\/p>\n<h4>PROPIETAT INTEL\u00b7LECTUAL<\/h4>\n<p>L&#8217;empresa \u00e9s titular de tots els drets de propietat intel\u00b7lectual i industrial de la seva p\u00e0gina web, aix\u00ed com dels elements continguts en la mateixa. Tots els drets estan reservats.<br \/>\nEn virtut del que disposen els articles 8 i 32.1, par\u00e0graf segon, de la Llei de Propietat Intel\u00b7lectual, queden expressament prohibides la reproducci\u00f3, la distribuci\u00f3 i la comunicaci\u00f3 p\u00fablica, inclosa la seva modalitat de posada a disposici\u00f3, de la totalitat o part dels continguts d&#8217;aquesta p\u00e0gina web, amb fins comercials, en qualsevol suport i per qualsevol mitj\u00e0 t\u00e8cnic, sense l&#8217;autoritzaci\u00f3 de l&#8217;empresa.<\/p>\n<p><strong>LINKS, B\u00c0NERS<\/strong><\/p>\n<p>En cas que www.yutes.com inclogui links o enlla\u00e7os amb altres portals, t\u00e9 una finalitat merament informativa, i no suposa que l&#8217;empresa recomani i \/ o garanteixi aquests portals, sobre els quals no exerceix cap control, ni \u00e9s responsable dels mateixos.<\/p>\n<p>BLOC<br \/>\nEn cas que www.yutes.com tingui un apartat Bloc, la seva finalitat \u00e9s la difusi\u00f3 dels diferents serveis oferts per l&#8217;empresa. El titular del Web no es responsabilitza de les opinions dels usuaris, i es reserva els drets d&#8217;esborrar qualsevol comentari que poguessin resultar ofensius o denigrants i bloquejar i impedir els futurs comentaris provinents dels autors d&#8217;aquests comentaris.<\/p>\n<p>JURISDICCI\u00d3<br \/>\nAquestes Condicions Generals es regeixen per la llei espanyola.<br \/>\nLes parts se sotmeten per a la resoluci\u00f3 dels conflictes i amb ren\u00fancia a qualsevol altre fur, als jutjats i tribunals de el domicili NATURAL FABRICS, S.L.<\/p>\n","protected":false},"excerpt":{"rendered":"<p>El present lloc web www.yutes, com (en endavant el &#8220;Lloc Web&#8221;) \u00e9s propietat i est\u00e0 gestionat per l&#8217;empresa NATURAL FABRICS, SL (en endavant &#8220;jutes&#8221;) les dades completes s\u00f3n els seg\u00fcents, NATURAL FABRICS SL NIF: B61123238 Direcci\u00f3: Carrer Treball, 3, 08960 Sant Just Desvern (Barcelona) Tel\u00e8fon .: +34 93 473 26 26 Correu electr\u00f2nic: yutes@yutes.com Empresa [&#8230;]<\/p>\n<p><a class=\"btn btn-secondary understrap-read-more-link\" href=\"https:\/\/www.yutes.com\/ca\/avis-legal\/\">Continua llegint&#8230;<span class=\"screen-reader-text\"> from Av\u00eds Legal<\/span><\/a><\/p>\n","protected":false},"author":6,"featured_media":0,"parent":0,"menu_order":10,"comment_status":"closed","ping_status":"closed","template":"","meta":{"_acf_changed":false,"footnotes":""},"class_list":["post-13450","page","type-page","status-publish","hentry"],"acf":[],"yoast_head":"<!-- This site is optimized with the Yoast SEO plugin v26.1.1 - https:\/\/yoast.com\/wordpress\/plugins\/seo\/ -->\n<title>Av\u00eds Legal - Yutes<\/title>\n<meta name=\"robots\" content=\"index, follow, max-snippet:-1, max-image-preview:large, max-video-preview:-1\" \/>\n<link rel=\"canonical\" href=\"https:\/\/www.yutes.com\/ca\/avis-legal\/\" \/>\n<meta property=\"og:locale\" content=\"ca_ES\" \/>\n<meta property=\"og:type\" content=\"article\" \/>\n<meta property=\"og:title\" content=\"Av\u00eds Legal - Yutes\" \/>\n<meta property=\"og:description\" content=\"El present lloc web www.yutes, com (en endavant el &#8220;Lloc Web&#8221;) \u00e9s propietat i est\u00e0 gestionat per l&#8217;empresa NATURAL FABRICS, SL (en endavant &#8220;jutes&#8221;) les dades completes s\u00f3n els seg\u00fcents, NATURAL FABRICS SL NIF: B61123238 Direcci\u00f3: Carrer Treball, 3, 08960 Sant Just Desvern (Barcelona) Tel\u00e8fon .: +34 93 473 26 26 Correu electr\u00f2nic: yutes@yutes.com Empresa [...]Continua llegint... from Av\u00eds Legal\" \/>\n<meta property=\"og:url\" content=\"https:\/\/www.yutes.com\/ca\/avis-legal\/\" \/>\n<meta property=\"og:site_name\" content=\"Yutes\" \/>\n<meta property=\"article:modified_time\" content=\"2022-10-25T08:02:38+00:00\" \/>\n<meta name=\"twitter:card\" content=\"summary_large_image\" \/>\n<meta name=\"twitter:label1\" content=\"Temps estimat de lectura\" \/>\n\t<meta name=\"twitter:data1\" content=\"4 minuts\" \/>\n<script type=\"application\/ld+json\" class=\"yoast-schema-graph\">{\"@context\":\"https:\/\/schema.org\",\"@graph\":[{\"@type\":\"WebPage\",\"@id\":\"https:\/\/www.yutes.com\/ca\/avis-legal\/\",\"url\":\"https:\/\/www.yutes.com\/ca\/avis-legal\/\",\"name\":\"Av\u00eds Legal - Yutes\",\"isPartOf\":{\"@id\":\"https:\/\/www.yutes.com\/ca\/#website\"},\"datePublished\":\"2020-12-14T19:33:55+00:00\",\"dateModified\":\"2022-10-25T08:02:38+00:00\",\"breadcrumb\":{\"@id\":\"https:\/\/www.yutes.com\/ca\/avis-legal\/#breadcrumb\"},\"inLanguage\":\"ca\",\"potentialAction\":[{\"@type\":\"ReadAction\",\"target\":[\"https:\/\/www.yutes.com\/ca\/avis-legal\/\"]}]},{\"@type\":\"BreadcrumbList\",\"@id\":\"https:\/\/www.yutes.com\/ca\/avis-legal\/#breadcrumb\",\"itemListElement\":[{\"@type\":\"ListItem\",\"position\":1,\"name\":\"Yutes\",\"item\":\"https:\/\/www.yutes.com\/ca\/\"},{\"@type\":\"ListItem\",\"position\":2,\"name\":\"Av\u00eds Legal\"}]},{\"@type\":\"WebSite\",\"@id\":\"https:\/\/www.yutes.com\/ca\/#website\",\"url\":\"https:\/\/www.yutes.com\/ca\/\",\"name\":\"Yutes\",\"description\":\"Yutes Natural Fabrics\",\"publisher\":{\"@id\":\"https:\/\/www.yutes.com\/ca\/#organization\"},\"potentialAction\":[{\"@type\":\"SearchAction\",\"target\":{\"@type\":\"EntryPoint\",\"urlTemplate\":\"https:\/\/www.yutes.com\/ca\/?s={search_term_string}\"},\"query-input\":{\"@type\":\"PropertyValueSpecification\",\"valueRequired\":true,\"valueName\":\"search_term_string\"}}],\"inLanguage\":\"ca\"},{\"@type\":\"Organization\",\"@id\":\"https:\/\/www.yutes.com\/ca\/#organization\",\"name\":\"Yutes Natural Fabrics\",\"url\":\"https:\/\/www.yutes.com\/ca\/\",\"logo\":{\"@type\":\"ImageObject\",\"inLanguage\":\"ca\",\"@id\":\"https:\/\/www.yutes.com\/ca\/#\/schema\/logo\/image\/\",\"url\":\"https:\/\/www.yutes.com\/wp-content\/uploads\/2020\/12\/AF-Favicon-Yutes-2020.png\",\"contentUrl\":\"https:\/\/www.yutes.com\/wp-content\/uploads\/2020\/12\/AF-Favicon-Yutes-2020.png\",\"width\":2000,\"height\":2000,\"caption\":\"Yutes Natural Fabrics\"},\"image\":{\"@id\":\"https:\/\/www.yutes.com\/ca\/#\/schema\/logo\/image\/\"}}]}<\/script>\n<!-- \/ Yoast SEO plugin. -->","yoast_head_json":{"title":"Av\u00eds Legal - Yutes","robots":{"index":"index","follow":"follow","max-snippet":"max-snippet:-1","max-image-preview":"max-image-preview:large","max-video-preview":"max-video-preview:-1"},"canonical":"https:\/\/www.yutes.com\/ca\/avis-legal\/","og_locale":"ca_ES","og_type":"article","og_title":"Av\u00eds Legal - Yutes","og_description":"El present lloc web www.yutes, com (en endavant el &#8220;Lloc Web&#8221;) \u00e9s propietat i est\u00e0 gestionat per l&#8217;empresa NATURAL FABRICS, SL (en endavant &#8220;jutes&#8221;) les dades completes s\u00f3n els seg\u00fcents, NATURAL FABRICS SL NIF: B61123238 Direcci\u00f3: Carrer Treball, 3, 08960 Sant Just Desvern (Barcelona) Tel\u00e8fon .: +34 93 473 26 26 Correu electr\u00f2nic: yutes@yutes.com Empresa [...]Continua llegint... from Av\u00eds Legal","og_url":"https:\/\/www.yutes.com\/ca\/avis-legal\/","og_site_name":"Yutes","article_modified_time":"2022-10-25T08:02:38+00:00","twitter_card":"summary_large_image","twitter_misc":{"Temps estimat de lectura":"4 minuts"},"schema":{"@context":"https:\/\/schema.org","@graph":[{"@type":"WebPage","@id":"https:\/\/www.yutes.com\/ca\/avis-legal\/","url":"https:\/\/www.yutes.com\/ca\/avis-legal\/","name":"Av\u00eds Legal - Yutes","isPartOf":{"@id":"https:\/\/www.yutes.com\/ca\/#website"},"datePublished":"2020-12-14T19:33:55+00:00","dateModified":"2022-10-25T08:02:38+00:00","breadcrumb":{"@id":"https:\/\/www.yutes.com\/ca\/avis-legal\/#breadcrumb"},"inLanguage":"ca","potentialAction":[{"@type":"ReadAction","target":["https:\/\/www.yutes.com\/ca\/avis-legal\/"]}]},{"@type":"BreadcrumbList","@id":"https:\/\/www.yutes.com\/ca\/avis-legal\/#breadcrumb","itemListElement":[{"@type":"ListItem","position":1,"name":"Yutes","item":"https:\/\/www.yutes.com\/ca\/"},{"@type":"ListItem","position":2,"name":"Av\u00eds Legal"}]},{"@type":"WebSite","@id":"https:\/\/www.yutes.com\/ca\/#website","url":"https:\/\/www.yutes.com\/ca\/","name":"Yutes","description":"Yutes Natural Fabrics","publisher":{"@id":"https:\/\/www.yutes.com\/ca\/#organization"},"potentialAction":[{"@type":"SearchAction","target":{"@type":"EntryPoint","urlTemplate":"https:\/\/www.yutes.com\/ca\/?s={search_term_string}"},"query-input":{"@type":"PropertyValueSpecification","valueRequired":true,"valueName":"search_term_string"}}],"inLanguage":"ca"},{"@type":"Organization","@id":"https:\/\/www.yutes.com\/ca\/#organization","name":"Yutes Natural Fabrics","url":"https:\/\/www.yutes.com\/ca\/","logo":{"@type":"ImageObject","inLanguage":"ca","@id":"https:\/\/www.yutes.com\/ca\/#\/schema\/logo\/image\/","url":"https:\/\/www.yutes.com\/wp-content\/uploads\/2020\/12\/AF-Favicon-Yutes-2020.png","contentUrl":"https:\/\/www.yutes.com\/wp-content\/uploads\/2020\/12\/AF-Favicon-Yutes-2020.png","width":2000,"height":2000,"caption":"Yutes Natural Fabrics"},"image":{"@id":"https:\/\/www.yutes.com\/ca\/#\/schema\/logo\/image\/"}}]}},"_links":{"self":[{"href":"https:\/\/www.yutes.com\/ca\/wp-json\/wp\/v2\/pages\/13450","targetHints":{"allow":["GET"]}}],"collection":[{"href":"https:\/\/www.yutes.com\/ca\/wp-json\/wp\/v2\/pages"}],"about":[{"href":"https:\/\/www.yutes.com\/ca\/wp-json\/wp\/v2\/types\/page"}],"author":[{"embeddable":true,"href":"https:\/\/www.yutes.com\/ca\/wp-json\/wp\/v2\/users\/6"}],"replies":[{"embeddable":true,"href":"https:\/\/www.yutes.com\/ca\/wp-json\/wp\/v2\/comments?post=13450"}],"version-history":[{"count":0,"href":"https:\/\/www.yutes.com\/ca\/wp-json\/wp\/v2\/pages\/13450\/revisions"}],"wp:attachment":[{"href":"https:\/\/www.yutes.com\/ca\/wp-json\/wp\/v2\/media?parent=13450"}],"curies":[{"name":"wp","href":"https:\/\/api.w.org\/{rel}","templated":true}]}}